{"id":1842,"date":"2020-01-26T10:53:59","date_gmt":"2020-01-26T10:53:59","guid":{"rendered":"https:\/\/www.proquimiacosmetics.com\/politica-de-privacitat-i-cookies\/"},"modified":"2020-01-26T10:53:59","modified_gmt":"2020-01-26T10:53:59","slug":"politica-de-privacitat-i-cookies","status":"publish","type":"page","link":"https:\/\/www.proquimiacosmetics.com\/ca\/politica-de-privacitat-i-cookies\/","title":{"rendered":"Pol\u00edtica de privacitat i cookies"},"content":{"rendered":"\t\t<div data-elementor-type=\"wp-post\" data-elementor-id=\"1842\" class=\"elementor elementor-1842 elementor-56\" data-elementor-post-type=\"page\">\n\t\t\t\t\t\t<section class=\"elementor-section elementor-top-section elementor-element elementor-element-0a330cf elementor-section-boxed elementor-section-height-default elementor-section-height-default\" data-id=\"0a330cf\" data-element_type=\"section\">\n\t\t\t\t\t\t<div class=\"elementor-container elementor-column-gap-no\">\n\t\t\t\t\t<div class=\"elementor-column elementor-col-50 elementor-top-column elementor-element elementor-element-3e078e3\" data-id=\"3e078e3\" data-element_type=\"column\">\n\t\t\t<div class=\"elementor-widget-wrap elementor-element-populated\">\n\t\t\t\t\t\t<div class=\"elementor-element elementor-element-2fdda3a elementor-widget elementor-widget-heading\" data-id=\"2fdda3a\" data-element_type=\"widget\" data-widget_type=\"heading.default\">\n\t\t\t\t<div class=\"elementor-widget-container\">\n\t\t\t\t\t<h2 class=\"elementor-heading-title elementor-size-default\">Pol\u00edtica de privacitat i cookies<\/h2>\t\t\t\t<\/div>\n\t\t\t\t<\/div>\n\t\t\t\t\t<\/div>\n\t\t<\/div>\n\t\t\t\t<div class=\"elementor-column elementor-col-50 elementor-top-column elementor-element elementor-element-5c0279c\" data-id=\"5c0279c\" data-element_type=\"column\">\n\t\t\t<div class=\"elementor-widget-wrap\">\n\t\t\t\t\t\t\t<\/div>\n\t\t<\/div>\n\t\t\t\t\t<\/div>\n\t\t<\/section>\n\t\t\t\t<section class=\"elementor-section elementor-inner-section elementor-element elementor-element-668df06 elementor-section-boxed elementor-section-height-default elementor-section-height-default\" data-id=\"668df06\" data-element_type=\"section\">\n\t\t\t\t\t\t<div class=\"elementor-container elementor-column-gap-no\">\n\t\t\t\t\t<div class=\"elementor-column elementor-col-100 elementor-inner-column elementor-element elementor-element-5116076\" data-id=\"5116076\" data-element_type=\"column\">\n\t\t\t<div class=\"elementor-widget-wrap elementor-element-populated\">\n\t\t\t\t\t\t<div class=\"elementor-element elementor-element-7919d69 elementor-widget elementor-widget-text-editor\" data-id=\"7919d69\" data-element_type=\"widget\" data-widget_type=\"text-editor.default\">\n\t\t\t\t<div class=\"elementor-widget-container\">\n\t\t\t\t\t\t\t\t\t<p><strong>Pol\u00edtica de Privacidad de Proquimia Cosmetics<\/strong><\/p>\n<p>Esta Pol\u00edtica de Privacidad fija las bases sobre las que PROQUIMIA COSMETICS, S.A., sociedad responsable del tratamiento, trata los datos de car\u00e1cter personal que le son facilitados.<\/p>\n<p><strong>Finalidad y Tratamiento de datos de car\u00e1cter personal<\/strong><\/p>\n<p>Los datos personales que nos facilite a trav\u00e9s de la cumplimentaci\u00f3n de cualquiera de los formularios electr\u00f3nicos disponibles en el portal web www.proquimiacosmetics.com, mediante mensajes de correo electr\u00f3nicos, mediante la formalizaci\u00f3n de contratos o mediante cualquier otro medio, ser\u00e1n incorporados en un fichero de datos de car\u00e1cter personal. Las cuestiones incluidas en cada uno de los formularios marcadas con un asterisco (*) ser\u00e1n de cumplimentaci\u00f3n obligatoria.<\/p>\n<p>El responsable del tratamiento de los datos personales es PROQUIMIA COSMETICS, S.A., con domicilio en C\/Llobregat, 34, POL. IND. CADESBANK, 08291 Ripollet (Barcelona).<\/p>\n<p>El tratamiento de datos personales facilitados responde a la finalidad de gestionar la relaci\u00f3n contractual y\/o comercial con PROQUIMIA COSMETICS, S.A., incluyendo el env\u00edo de comunicaciones comerciales si as\u00ed lo autoriz\u00f3 en el momento de la recogida de sus datos, mediante consentimiento expl\u00edcito y afirmativo.<\/p>\n<p>Mientras no se nos comunique lo contrario, entenderemos que los datos facilitados no han sido modificados, que usted se compromete a notificarnos cualquier variaci\u00f3n y que tenemos su consentimiento para utilizarlos para las finalidades mencionadas.<\/p>\n<p>Los datos por tratar por PROQUIMIA COSMETICS, S.A. en el marco de la relaci\u00f3n con el interesado y condicionado a las finalidades consentidas, se incluyen en las siguientes categor\u00edas:<\/p>\n<ol>\n<li>Datos identificativos y de contacto, por ejemplo: nombre, apellidos, tel\u00e9fono o correo electr\u00f3nico.<\/li>\n<li>Datos de informaci\u00f3n comercial en funci\u00f3n de las indicaciones recibidas.<\/li>\n<li>Aquellos datos estrictamente necesarios para la prestaci\u00f3n del servicio que ha contratado con PROQUIMIA COSMETICS, S.A.<\/li>\n<\/ol>\n<p>Los datos recogidos son los adecuados para las finalidades descritas.<\/p>\n<p><strong>Base legal <\/strong><\/p>\n<p>La base legal para los distintos tratamientos en funci\u00f3n de las distintas finalidades perseguidas es la ejecuci\u00f3n del contrato en caso de contrataci\u00f3n o bien su inter\u00e9s por servicios similares de PROQUIMIA COSMETICS, S.A. si ha sido cliente anteriormente.<\/p>\n<p>Su consentimiento expl\u00edcito otorgado para poder personalizarle y comunicarle el presupuesto en caso de petici\u00f3n de oferta y su consentimiento expl\u00edcito en el caso de no existir una relaci\u00f3n contractual anterior.<\/p>\n<p><strong>Cesi\u00f3n<\/strong><\/p>\n<p>PROQUIMIA COSMETICS, S.A. no comunicar\u00e1 sus datos a terceros, salvo cuando sea estrictamente necesario para gestionar y mantener su relaci\u00f3n con nosotros o previa autorizaci\u00f3n de su parte. El tratamiento de datos personales se realiza dentro del Espacio Econ\u00f3mico Europeo.<\/p>\n<p>Al facilitar voluntariamente sus datos consiente expresamente su tratamiento por parte de PROQUIMIA COSMETICS, S.A. y por parte de sus proveedores de servicios cuya intervenci\u00f3n es necesaria para gestionar adecuadamente los servicios ofrecidos a trav\u00e9s de la aplicaci\u00f3n y para el cumplimiento de las finalidades anteriormente mencionadas.<\/p>\n<p><strong>Periodo de Conservaci\u00f3n de sus datos personales<\/strong><\/p>\n<p>Los datos personales proporcionados se conservar\u00e1n mientras sean necesarios para dar respuesta a la relaci\u00f3n contractual, para dar respuesta a las peticiones o solicitudes realizadas, y en cualquier caso mientras no se solicite la supresi\u00f3n por el interesado, as\u00ed como el tiempo necesario para dar cumplimiento a las obligaciones legales que en cada caso correspondan acorde con cada tipolog\u00eda de datos.<\/p>\n<p><strong>Pol\u00edtica de uso de Cookies\u00a0<\/strong><\/p>\n<p>En cumplimiento de lo dispuesto en el art\u00edculo 22.2 LSSI, el portal Web de PROQUIMIA COSMETICS, S.A. \u00fanicamente utilizar\u00e1 dispositivos de almacenamiento y recuperaci\u00f3n de datos (&#8216;Cookies&#8217;) con la autorizaci\u00f3n previa del usuario.<\/p>\n<p><strong>Seguridad\u00a0<\/strong><\/p>\n<p>Sus datos ser\u00e1n tratados con un nivel de protecci\u00f3n acorde con la normativa aplicable en materia de protecci\u00f3n de datos de car\u00e1cter personal.<\/p>\n<p><strong>Derechos<\/strong><\/p>\n<p>Le informamos que puede ejercitar en todo momento, en los t\u00e9rminos previstos por la legislaci\u00f3n vigente, los derechos de acceso, rectificaci\u00f3n, supresi\u00f3n, limitaci\u00f3n, oposici\u00f3n, portabilidad, y a no ser objeto de decisiones individualizadas automatizadas, dirigi\u00e9ndose por escrito a la direcci\u00f3n de PROQUIMIA COSMETICS, S.A., C\/Llobregat, 34, Pol\u00edgono Industrial Cadesbank, 08291 Ripollet (Barcelona) o por correo electr\u00f3nico dirigido a <a href=\"mailto:comercial@proquimiacosmetics.com\">comercial@proquimiacosmetics.com<\/a> Para el ejercicio de dichos derechos ser\u00e1 necesario adjuntar una copia del DNI o documento identificativo similar que acredite su identidad.<\/p>\n\t\t\t\t\t\t\t\t<\/div>\n\t\t\t\t<\/div>\n\t\t\t\t\t<\/div>\n\t\t<\/div>\n\t\t\t\t\t<\/div>\n\t\t<\/section>\n\t\t\t\t<\/div>\n\t\t","protected":false},"excerpt":{"rendered":"<p>Pol\u00edtica de Privacidad de Proquimia Cosmetics Esta Pol\u00edtica de Privacidad fija las bases sobre las que PROQUIMIA COSMETICS, S.A., sociedad responsable del tratamiento, trata los datos de car\u00e1cter personal que le son facilitados. Finalidad y Tratamiento de datos de car\u00e1cter personal Los datos personales que nos facilite a trav\u00e9s de la cumplimentaci\u00f3n de cualquiera de [&hellip;]<\/p>\n","protected":false},"author":1,"featured_media":0,"parent":0,"menu_order":0,"comment_status":"closed","ping_status":"closed","template":"","meta":{"inline_featured_image":false,"footnotes":""},"class_list":["post-1842","page","type-page","status-publish","hentry"],"yoast_head":"<!-- This site is optimized with the Yoast SEO plugin v24.5 - https:\/\/yoast.com\/wordpress\/plugins\/seo\/ -->\n<title>Pol\u00edtica de privacitat i cookies - Proquimia Cosmetics<\/title>\n<meta name=\"robots\" content=\"index, follow, max-snippet:-1, max-image-preview:large, max-video-preview:-1\" \/>\n<link rel=\"canonical\" href=\"https:\/\/www.proquimiacosmetics.com\/ca\/politica-de-privacitat-i-cookies\/\" \/>\n<meta property=\"og:locale\" content=\"ca_ES\" \/>\n<meta property=\"og:type\" content=\"article\" \/>\n<meta property=\"og:title\" content=\"Pol\u00edtica de privacitat i cookies - Proquimia Cosmetics\" \/>\n<meta property=\"og:description\" content=\"Pol\u00edtica de Privacidad de Proquimia Cosmetics Esta Pol\u00edtica de Privacidad fija las bases sobre las que PROQUIMIA COSMETICS, S.A., sociedad responsable del tratamiento, trata los datos de car\u00e1cter personal que le son facilitados. Finalidad y Tratamiento de datos de car\u00e1cter personal Los datos personales que nos facilite a trav\u00e9s de la cumplimentaci\u00f3n de cualquiera de [&hellip;]\" \/>\n<meta property=\"og:url\" content=\"https:\/\/www.proquimiacosmetics.com\/ca\/politica-de-privacitat-i-cookies\/\" \/>\n<meta property=\"og:site_name\" content=\"Proquimia Cosmetics\" \/>\n<meta name=\"twitter:card\" content=\"summary_large_image\" \/>\n<meta name=\"twitter:label1\" content=\"Temps estimat de lectura\" \/>\n\t<meta name=\"twitter:data1\" content=\"4 minuts\" \/>\n<script type=\"application\/ld+json\" class=\"yoast-schema-graph\">{\"@context\":\"https:\/\/schema.org\",\"@graph\":[{\"@type\":\"WebPage\",\"@id\":\"https:\/\/www.proquimiacosmetics.com\/ca\/politica-de-privacitat-i-cookies\/\",\"url\":\"https:\/\/www.proquimiacosmetics.com\/ca\/politica-de-privacitat-i-cookies\/\",\"name\":\"Pol\u00edtica de privacitat i cookies - Proquimia Cosmetics\",\"isPartOf\":{\"@id\":\"https:\/\/www.proquimiacosmetics.com\/ca\/#website\"},\"datePublished\":\"2020-01-26T10:53:59+00:00\",\"breadcrumb\":{\"@id\":\"https:\/\/www.proquimiacosmetics.com\/ca\/politica-de-privacitat-i-cookies\/#breadcrumb\"},\"inLanguage\":\"ca\",\"potentialAction\":[{\"@type\":\"ReadAction\",\"target\":[\"https:\/\/www.proquimiacosmetics.com\/ca\/politica-de-privacitat-i-cookies\/\"]}]},{\"@type\":\"BreadcrumbList\",\"@id\":\"https:\/\/www.proquimiacosmetics.com\/ca\/politica-de-privacitat-i-cookies\/#breadcrumb\",\"itemListElement\":[{\"@type\":\"ListItem\",\"position\":1,\"name\":\"Portada\",\"item\":\"https:\/\/www.proquimiacosmetics.com\/ca\/\"},{\"@type\":\"ListItem\",\"position\":2,\"name\":\"Pol\u00edtica de privacitat i cookies\"}]},{\"@type\":\"WebSite\",\"@id\":\"https:\/\/www.proquimiacosmetics.com\/ca\/#website\",\"url\":\"https:\/\/www.proquimiacosmetics.com\/ca\/\",\"name\":\"Proquimia Cosmetics\",\"description\":\"Private label cosmetics manufacturer for leading brands worldwide\",\"publisher\":{\"@id\":\"https:\/\/www.proquimiacosmetics.com\/ca\/#organization\"},\"potentialAction\":[{\"@type\":\"SearchAction\",\"target\":{\"@type\":\"EntryPoint\",\"urlTemplate\":\"https:\/\/www.proquimiacosmetics.com\/ca\/?s={search_term_string}\"},\"query-input\":{\"@type\":\"PropertyValueSpecification\",\"valueRequired\":true,\"valueName\":\"search_term_string\"}}],\"inLanguage\":\"ca\"},{\"@type\":\"Organization\",\"@id\":\"https:\/\/www.proquimiacosmetics.com\/ca\/#organization\",\"name\":\"Proquimia Cosmetics\",\"url\":\"https:\/\/www.proquimiacosmetics.com\/ca\/\",\"logo\":{\"@type\":\"ImageObject\",\"inLanguage\":\"ca\",\"@id\":\"https:\/\/www.proquimiacosmetics.com\/ca\/#\/schema\/logo\/image\/\",\"url\":\"https:\/\/www.proquimiacosmetics.com\/wp-content\/uploads\/2019\/06\/logo-proquimia.svg\",\"contentUrl\":\"https:\/\/www.proquimiacosmetics.com\/wp-content\/uploads\/2019\/06\/logo-proquimia.svg\",\"caption\":\"Proquimia Cosmetics\"},\"image\":{\"@id\":\"https:\/\/www.proquimiacosmetics.com\/ca\/#\/schema\/logo\/image\/\"}}]}<\/script>\n<!-- \/ Yoast SEO plugin. -->","yoast_head_json":{"title":"Pol\u00edtica de privacitat i cookies - Proquimia Cosmetics","robots":{"index":"index","follow":"follow","max-snippet":"max-snippet:-1","max-image-preview":"max-image-preview:large","max-video-preview":"max-video-preview:-1"},"canonical":"https:\/\/www.proquimiacosmetics.com\/ca\/politica-de-privacitat-i-cookies\/","og_locale":"ca_ES","og_type":"article","og_title":"Pol\u00edtica de privacitat i cookies - Proquimia Cosmetics","og_description":"Pol\u00edtica de Privacidad de Proquimia Cosmetics Esta Pol\u00edtica de Privacidad fija las bases sobre las que PROQUIMIA COSMETICS, S.A., sociedad responsable del tratamiento, trata los datos de car\u00e1cter personal que le son facilitados. Finalidad y Tratamiento de datos de car\u00e1cter personal Los datos personales que nos facilite a trav\u00e9s de la cumplimentaci\u00f3n de cualquiera de [&hellip;]","og_url":"https:\/\/www.proquimiacosmetics.com\/ca\/politica-de-privacitat-i-cookies\/","og_site_name":"Proquimia Cosmetics","twitter_card":"summary_large_image","twitter_misc":{"Temps estimat de lectura":"4 minuts"},"schema":{"@context":"https:\/\/schema.org","@graph":[{"@type":"WebPage","@id":"https:\/\/www.proquimiacosmetics.com\/ca\/politica-de-privacitat-i-cookies\/","url":"https:\/\/www.proquimiacosmetics.com\/ca\/politica-de-privacitat-i-cookies\/","name":"Pol\u00edtica de privacitat i cookies - Proquimia Cosmetics","isPartOf":{"@id":"https:\/\/www.proquimiacosmetics.com\/ca\/#website"},"datePublished":"2020-01-26T10:53:59+00:00","breadcrumb":{"@id":"https:\/\/www.proquimiacosmetics.com\/ca\/politica-de-privacitat-i-cookies\/#breadcrumb"},"inLanguage":"ca","potentialAction":[{"@type":"ReadAction","target":["https:\/\/www.proquimiacosmetics.com\/ca\/politica-de-privacitat-i-cookies\/"]}]},{"@type":"BreadcrumbList","@id":"https:\/\/www.proquimiacosmetics.com\/ca\/politica-de-privacitat-i-cookies\/#breadcrumb","itemListElement":[{"@type":"ListItem","position":1,"name":"Portada","item":"https:\/\/www.proquimiacosmetics.com\/ca\/"},{"@type":"ListItem","position":2,"name":"Pol\u00edtica de privacitat i cookies"}]},{"@type":"WebSite","@id":"https:\/\/www.proquimiacosmetics.com\/ca\/#website","url":"https:\/\/www.proquimiacosmetics.com\/ca\/","name":"Proquimia Cosmetics","description":"Private label cosmetics manufacturer for leading brands worldwide","publisher":{"@id":"https:\/\/www.proquimiacosmetics.com\/ca\/#organization"},"potentialAction":[{"@type":"SearchAction","target":{"@type":"EntryPoint","urlTemplate":"https:\/\/www.proquimiacosmetics.com\/ca\/?s={search_term_string}"},"query-input":{"@type":"PropertyValueSpecification","valueRequired":true,"valueName":"search_term_string"}}],"inLanguage":"ca"},{"@type":"Organization","@id":"https:\/\/www.proquimiacosmetics.com\/ca\/#organization","name":"Proquimia Cosmetics","url":"https:\/\/www.proquimiacosmetics.com\/ca\/","logo":{"@type":"ImageObject","inLanguage":"ca","@id":"https:\/\/www.proquimiacosmetics.com\/ca\/#\/schema\/logo\/image\/","url":"https:\/\/www.proquimiacosmetics.com\/wp-content\/uploads\/2019\/06\/logo-proquimia.svg","contentUrl":"https:\/\/www.proquimiacosmetics.com\/wp-content\/uploads\/2019\/06\/logo-proquimia.svg","caption":"Proquimia Cosmetics"},"image":{"@id":"https:\/\/www.proquimiacosmetics.com\/ca\/#\/schema\/logo\/image\/"}}]}},"_links":{"self":[{"href":"https:\/\/www.proquimiacosmetics.com\/ca\/wp-json\/wp\/v2\/pages\/1842","targetHints":{"allow":["GET"]}}],"collection":[{"href":"https:\/\/www.proquimiacosmetics.com\/ca\/wp-json\/wp\/v2\/pages"}],"about":[{"href":"https:\/\/www.proquimiacosmetics.com\/ca\/wp-json\/wp\/v2\/types\/page"}],"author":[{"embeddable":true,"href":"https:\/\/www.proquimiacosmetics.com\/ca\/wp-json\/wp\/v2\/users\/1"}],"replies":[{"embeddable":true,"href":"https:\/\/www.proquimiacosmetics.com\/ca\/wp-json\/wp\/v2\/comments?post=1842"}],"version-history":[{"count":1,"href":"https:\/\/www.proquimiacosmetics.com\/ca\/wp-json\/wp\/v2\/pages\/1842\/revisions"}],"predecessor-version":[{"id":1843,"href":"https:\/\/www.proquimiacosmetics.com\/ca\/wp-json\/wp\/v2\/pages\/1842\/revisions\/1843"}],"wp:attachment":[{"href":"https:\/\/www.proquimiacosmetics.com\/ca\/wp-json\/wp\/v2\/media?parent=1842"}],"curies":[{"name":"wp","href":"https:\/\/api.w.org\/{rel}","templated":true}]}}